{"id":159,"date":"2025-11-14T18:43:15","date_gmt":"2025-11-15T00:43:15","guid":{"rendered":"https:\/\/dangercraft.shop\/hosting\/?page_id=159"},"modified":"2025-11-15T01:37:32","modified_gmt":"2025-11-15T07:37:32","slug":"contacto","status":"publish","type":"page","link":"https:\/\/dangercraft.shop\/hosting\/?page_id=159","title":{"rendered":"Contacto"},"content":{"rendered":"\t\t<div data-elementor-type=\"wp-page\" data-elementor-id=\"159\" class=\"elementor elementor-159\" data-elementor-post-type=\"page\">\n\t\t\t\t<div class=\"elementor-element elementor-element-193d2df e-con-full e-flex e-con e-parent\" data-id=\"193d2df\" data-element_type=\"container\">\n\t\t\t\t<div class=\"elementor-element elementor-element-a42378e elementor-widget__width-inherit elementor-widget elementor-widget-html\" data-id=\"a42378e\" data-element_type=\"widget\" data-widget_type=\"html.default\">\n\t\t\t\t<div class=\"elementor-widget-container\">\n\t\t\t\t\t<style>\n\/* Estilos Espec\u00edficos de la P\u00e1gina de Contacto *\/\n.contact-container {\n    font-family: Arial, sans-serif;\n    color: #333333;\n    background-color: #ffffff;\n    padding: 60px 20px 30px 20px; \/* Reduje el padding inferior *\/\n    max-width: 1000px;\n    margin: 0 auto;\n}\n\n.contact-header {\n    text-align: center;\n    margin-bottom: 50px;\n}\n\n.contact-header h1 {\n    color: #CC0000;\n    font-size: 2.8em;\n    margin-bottom: 10px;\n    text-transform: uppercase;\n}\n\n.contact-header p {\n    font-size: 1.2em;\n    color: #555555;\n    max-width: 600px;\n    margin: 0 auto;\n}\n\n\/* Secci\u00f3n de Informaci\u00f3n: Una Columna Centrada *\/\n.contact-info-section {\n    max-width: 600px; \/* Ancho para centrar la informaci\u00f3n *\/\n    margin: 0 auto 40px auto;\n    text-align: center;\n}\n\n.info-box {\n    padding: 20px;\n    border-radius: 8px;\n    background-color: #f8f8f8;\n    border-left: 5px solid #CC0000;\n    text-align: left; \/* Alineamos el texto a la izquierda dentro de la caja *\/\n}\n\n.info-box h2 {\n    color: #333333;\n    font-size: 1.5em;\n    margin-bottom: 20px;\n    border-bottom: 2px solid #DDDDDD;\n    padding-bottom: 5px;\n}\n\n.info-item {\n    margin-bottom: 15px;\n    font-size: 1.1em;\n}\n\n.info-item i {\n    color: #CC0000;\n    margin-right: 10px;\n}\n\n.info-item a {\n    color: #CC0000;\n    text-decoration: none;\n    font-weight: bold;\n}\n\n.info-item a:hover {\n    text-decoration: underline;\n}\n\n\/* Secci\u00f3n de Redes Sociales *\/\n.social-links {\n    margin-top: 30px;\n    text-align: center;\n}\n\n.social-links h3 {\n    color: #333333;\n    margin-bottom: 20px;\n    font-size: 1.3em;\n}\n\n.social-icon {\n    display: inline-block;\n    width: 45px;\n    height: 45px;\n    line-height: 45px;\n    text-align: center;\n    margin: 0 5px;\n    border-radius: 50%;\n    background-color: #333333;\n    color: white;\n    font-size: 1.3em;\n    transition: background-color 0.3s ease, transform 0.3s ease;\n}\n\n.social-icon:hover {\n    background-color: #CC0000;\n    transform: scale(1.1);\n}\n<\/style>\n\n<div class=\"contact-container\">\n\n    <div class=\"contact-header\">\n        <h1>\u00bfNECESITAS AYUDA? CONT\u00c1CTANOS<\/h1>\n        <p>Ya sea una duda t\u00e9cnica, una consulta de ventas o un plan personalizado, estamos aqu\u00ed para ayudarte.<\/p>\n    <\/div>\n\n    <div class=\"contact-info-section\">\n        <div class=\"info-box\">\n            <h2>Informaci\u00f3n de Contacto<\/h2>\n            \n            <div class=\"info-item\">\n                <i class=\"fas fa-envelope\"><\/i> \n                Soporte y Consultas: \n                <a href=\"mailto:support@dangercraft.shop\">support@dangercraft.shop<\/a>\n            <\/div>\n            \n            <div class=\"info-item\">\n                <i class=\"fas fa-headset\"><\/i> \n                Soporte T\u00e9cnico: \n                Prioridad v\u00eda Panel AMP 24\/7.\n            <\/div>\n            \n            <div class=\"info-item\">\n                <i class=\"fas fa-clock\"><\/i> \n                Horario de Oficina: \n                Lunes a Viernes (Respuesta prioritaria en horario laboral).\n            <\/div>\n        <\/div>\n\n        <div class=\"social-links\">\n            <h3>S\u00edgueme en Redes Sociales<\/h3>\n            <a href=\"https:\/\/instagram.com\/soydavidtapia\" target=\"_blank\" class=\"social-icon\" style=\"background-color: #E4405F;\">\n                <i class=\"fab fa-instagram\"><\/i>\n            <\/a>\n            <a href=\"https:\/\/facebook.com\/soydavidtapia\" target=\"_blank\" class=\"social-icon\" style=\"background-color: #1877F2;\">\n                <i class=\"fab fa-facebook-f\"><\/i>\n            <\/a>\n            <a href=\"https:\/\/youtube.com\/@soydavidtapia\" target=\"_blank\" class=\"social-icon\" style=\"background-color: #FF0000;\">\n                <i class=\"fab fa-youtube\"><\/i>\n            <\/a>\n            <a href=\"https:\/\/tiktok.com\/@soydavidtapia\" target=\"_blank\" class=\"social-icon\" style=\"background-color: #000000;\">\n                <i class=\"fab fa-tiktok\"><\/i>\n            <\/a>\n        <\/div>\n    <\/div>\n<\/div>\t\t\t\t<\/div>\n\t\t\t\t<\/div>\n\t\t<div class=\"elementor-element elementor-element-1b98cd4 e-con-full e-flex e-con e-child\" data-id=\"1b98cd4\" data-element_type=\"container\">\n\t\t\t\t<div class=\"elementor-element elementor-element-20271d0 elementor-widget elementor-widget-heading\" data-id=\"20271d0\" data-element_type=\"widget\" data-widget_type=\"heading.default\">\n\t\t\t\t<div class=\"elementor-widget-container\">\n\t\t\t\t\t<h2 class=\"elementor-heading-title elementor-size-default\">Env\u00edanos un Mensaje Directo<\/h2>\t\t\t\t<\/div>\n\t\t\t\t<\/div>\n\t\t\t\t<div class=\"elementor-element elementor-element-f37545d elementor-button-align-center elementor-widget__width-initial elementor-widget elementor-widget-form\" data-id=\"f37545d\" data-element_type=\"widget\" data-settings=\"{&quot;step_next_label&quot;:&quot;Next&quot;,&quot;step_previous_label&quot;:&quot;Previous&quot;,&quot;button_width&quot;:&quot;100&quot;,&quot;step_type&quot;:&quot;number_text&quot;,&quot;step_icon_shape&quot;:&quot;circle&quot;}\" data-widget_type=\"form.default\">\n\t\t\t\t<div class=\"elementor-widget-container\">\n\t\t\t\t\t\t\t<form class=\"elementor-form\" method=\"post\" name=\"New Form\" aria-label=\"New Form\">\n\t\t\t<input type=\"hidden\" name=\"post_id\" value=\"159\"\/>\n\t\t\t<input type=\"hidden\" name=\"form_id\" value=\"f37545d\"\/>\n\t\t\t<input type=\"hidden\" name=\"referer_title\" value=\"Contacto\" \/>\n\n\t\t\t\t\t\t\t<input type=\"hidden\" name=\"queried_id\" value=\"159\"\/>\n\t\t\t\n\t\t\t<div class=\"elementor-form-fields-wrapper elementor-labels-above\">\n\t\t\t\t\t\t\t\t<div class=\"elementor-field-type-text elementor-field-group elementor-column elementor-field-group-name elementor-col-100\">\n\t\t\t\t\t\t\t\t\t\t\t\t<label for=\"form-field-name\" class=\"elementor-field-label\">\n\t\t\t\t\t\t\t\tName\t\t\t\t\t\t\t<\/label>\n\t\t\t\t\t\t\t\t\t\t\t\t\t\t<input size=\"1\" type=\"text\" name=\"form_fields[name]\" id=\"form-field-name\" class=\"elementor-field elementor-size-sm  elementor-field-textual\" placeholder=\"Name\">\n\t\t\t\t\t\t\t\t\t\t\t<\/div>\n\t\t\t\t\t\t\t\t<div class=\"elementor-field-type-email elementor-field-group elementor-column elementor-field-group-email elementor-col-100 elementor-field-required\">\n\t\t\t\t\t\t\t\t\t\t\t\t<label for=\"form-field-email\" class=\"elementor-field-label\">\n\t\t\t\t\t\t\t\tEmail\t\t\t\t\t\t\t<\/label>\n\t\t\t\t\t\t\t\t\t\t\t\t\t\t<input size=\"1\" type=\"email\" name=\"form_fields[email]\" id=\"form-field-email\" class=\"elementor-field elementor-size-sm  elementor-field-textual\" placeholder=\"Email\" required=\"required\">\n\t\t\t\t\t\t\t\t\t\t\t<\/div>\n\t\t\t\t\t\t\t\t<div class=\"elementor-field-type-textarea elementor-field-group elementor-column elementor-field-group-message elementor-col-100\">\n\t\t\t\t\t\t\t\t\t\t\t\t<label for=\"form-field-message\" class=\"elementor-field-label\">\n\t\t\t\t\t\t\t\tMessage\t\t\t\t\t\t\t<\/label>\n\t\t\t\t\t\t<textarea class=\"elementor-field-textual elementor-field  elementor-size-sm\" name=\"form_fields[message]\" id=\"form-field-message\" rows=\"4\" placeholder=\"Message\"><\/textarea>\t\t\t\t<\/div>\n\t\t\t\t\t\t\t\t<div class=\"elementor-field-group elementor-column elementor-field-type-submit elementor-col-100 e-form__buttons\">\n\t\t\t\t\t<button class=\"elementor-button elementor-size-sm\" type=\"submit\">\n\t\t\t\t\t\t<span class=\"elementor-button-content-wrapper\">\n\t\t\t\t\t\t\t\t\t\t\t\t\t\t\t\t\t\t\t\t\t\t<span class=\"elementor-button-text\">Send<\/span>\n\t\t\t\t\t\t\t\t\t\t\t\t\t<\/span>\n\t\t\t\t\t<\/button>\n\t\t\t\t<\/div>\n\t\t\t<\/div>\n\t\t<\/form>\n\t\t\t\t\t\t<\/div>\n\t\t\t\t<\/div>\n\t\t\t\t<\/div>\n\t\t\t\t<\/div>\n\t\t\t\t<\/div>\n\t\t","protected":false},"excerpt":{"rendered":"<p>\u00bfNECESITAS AYUDA? CONT\u00c1CTANOS Ya sea una duda t\u00e9cnica, una consulta de ventas o un plan personalizado, estamos aqu\u00ed para ayudarte. [&hellip;]<\/p>\n","protected":false},"author":1,"featured_media":0,"parent":0,"menu_order":0,"comment_status":"closed","ping_status":"closed","template":"elementor_header_footer","meta":{"site-sidebar-layout":"no-sidebar","site-content-layout":"","ast-site-content-layout":"full-width-container","site-content-style":"default","site-sidebar-style":"default","ast-global-header-display":"","ast-banner-title-visibility":"","ast-main-header-display":"","ast-hfb-above-header-display":"","ast-hfb-below-header-display":"","ast-hfb-mobile-header-display":"","site-post-title":"","ast-breadcrumbs-content":"","ast-featured-img":"disabled","footer-sml-layout":"","theme-transparent-header-meta":"","adv-header-id-meta":"","stick-header-meta":"","header-above-stick-meta":"","header-main-stick-meta":"","header-below-stick-meta":"","astra-migrate-meta-layouts":"default","ast-page-background-enabled":"default","ast-page-background-meta":{"desktop":{"background-color":"var(--ast-global-color-5)","background-image":"","background-repeat":"repeat","background-position":"center center","background-size":"auto","background-attachment":"scroll","background-type":"","background-media":"","overlay-type":"","overlay-color":"","overlay-opacity":"","overlay-gradient":""},"tablet":{"background-color":"","background-image":"","background-repeat":"repeat","background-position":"center center","background-size":"auto","background-attachment":"scroll","background-type":"","background-media":"","overlay-type":"","overlay-color":"","overlay-opacity":"","overlay-gradient":""},"mobile":{"background-color":"","background-image":"","background-repeat":"repeat","background-position":"center center","background-size":"auto","background-attachment":"scroll","background-type":"","background-media":"","overlay-type":"","overlay-color":"","overlay-opacity":"","overlay-gradient":""}},"ast-content-background-meta":{"desktop":{"background-color":"var(--ast-global-color-4)","background-image":"","background-repeat":"repeat","background-position":"center center","background-size":"auto","background-attachment":"scroll","background-type":"","background-media":"","overlay-type":"","overlay-color":"","overlay-opacity":"","overlay-gradient":""},"tablet":{"background-color":"var(--ast-global-color-4)","background-image":"","background-repeat":"repeat","background-position":"center center","background-size":"auto","background-attachment":"scroll","background-type":"","background-media":"","overlay-type":"","overlay-color":"","overlay-opacity":"","overlay-gradient":""},"mobile":{"background-color":"var(--ast-global-color-4)","background-image":"","background-repeat":"repeat","background-position":"center center","background-size":"auto","background-attachment":"scroll","background-type":"","background-media":"","overlay-type":"","overlay-color":"","overlay-opacity":"","overlay-gradient":""}},"footnotes":""},"class_list":["post-159","page","type-page","status-publish","hentry"],"jetpack_sharing_enabled":true,"_links":{"self":[{"href":"https:\/\/dangercraft.shop\/hosting\/index.php?rest_route=\/wp\/v2\/pages\/159","targetHints":{"allow":["GET"]}}],"collection":[{"href":"https:\/\/dangercraft.shop\/hosting\/index.php?rest_route=\/wp\/v2\/pages"}],"about":[{"href":"https:\/\/dangercraft.shop\/hosting\/index.php?rest_route=\/wp\/v2\/types\/page"}],"author":[{"embeddable":true,"href":"https:\/\/dangercraft.shop\/hosting\/index.php?rest_route=\/wp\/v2\/users\/1"}],"replies":[{"embeddable":true,"href":"https:\/\/dangercraft.shop\/hosting\/index.php?rest_route=%2Fwp%2Fv2%2Fcomments&post=159"}],"version-history":[{"count":14,"href":"https:\/\/dangercraft.shop\/hosting\/index.php?rest_route=\/wp\/v2\/pages\/159\/revisions"}],"predecessor-version":[{"id":247,"href":"https:\/\/dangercraft.shop\/hosting\/index.php?rest_route=\/wp\/v2\/pages\/159\/revisions\/247"}],"wp:attachment":[{"href":"https:\/\/dangercraft.shop\/hosting\/index.php?rest_route=%2Fwp%2Fv2%2Fmedia&parent=159"}],"curies":[{"name":"wp","href":"https:\/\/api.w.org\/{rel}","templated":true}]}}